{"id":114,"date":"2023-12-08T18:35:48","date_gmt":"2023-12-08T18:35:48","guid":{"rendered":"https:\/\/desdechiqiutos.org\/?page_id=114"},"modified":"2024-09-06T21:40:55","modified_gmt":"2024-09-06T21:40:55","slug":"get-involved","status":"publish","type":"page","link":"https:\/\/desdechiquitos.org\/es\/get-involved\/","title":{"rendered":"Invol\u00facrate"},"content":{"rendered":"<div class=\"nfd-container nfd-my-0 nfd-p-0 nfd-bg-gray-800 wp-block-group alignfull has-white-color has-text-color has-background is-layout-flow wp-container-core-group-is-layout-d6743c7d wp-block-group-is-layout-flow\" id=\"intro\" style=\"background:linear-gradient(0deg,rgb(243,244,246) 18%,rgb(22,26,29) 18%)\">\n<div class=\"nfd-my-0 nfd-p-lg wp-block-group alignwide is-layout-flow wp-container-core-group-is-layout-05898ac8 wp-block-group-is-layout-flow\">\n<div class=\"wp-block-group is-layout-constrained wp-container-core-group-is-layout-1e17d720 wp-block-group-is-layout-constrained\">\n<p class=\"nfd-text-sm nfd-text-secondary has-text-align-center\" style=\"font-style:normal;font-weight:600;letter-spacing:0.05em;text-transform:uppercase\">M\u00e1s informaci\u00f3n<\/p>\n\n\n\n<h1 class=\"nfd-text-giga nfd-text-current md:nfd-no-br wp-block-heading has-text-align-center\">Invol\u00facrate <\/h1>\n<\/div>\n<\/div>\n\n\n\n<figure class=\"wp-block-image aligncenter size-large is-resized has-custom-border\"><img data-recalc-dims=\"1\" loading=\"lazy\" decoding=\"async\" width=\"1024\" height=\"640\" src=\"https:\/\/i0.wp.com\/desdechiquitos.org\/wp-content\/uploads\/2023\/12\/IMG_3576.jpeg?resize=1024%2C640&#038;ssl=1\" alt=\"\" class=\"wp-image-52\" style=\"border-radius:4px;aspect-ratio:16\/9;object-fit:cover;width:1200px;height:undefinedpx\" srcset=\"https:\/\/i0.wp.com\/desdechiquitos.org\/wp-content\/uploads\/2023\/12\/IMG_3576-scaled.jpeg?resize=1024%2C640&amp;ssl=1 1024w, https:\/\/i0.wp.com\/desdechiquitos.org\/wp-content\/uploads\/2023\/12\/IMG_3576-scaled.jpeg?resize=300%2C188&amp;ssl=1 300w, https:\/\/i0.wp.com\/desdechiquitos.org\/wp-content\/uploads\/2023\/12\/IMG_3576-scaled.jpeg?resize=768%2C480&amp;ssl=1 768w, https:\/\/i0.wp.com\/desdechiquitos.org\/wp-content\/uploads\/2023\/12\/IMG_3576-scaled.jpeg?resize=1536%2C960&amp;ssl=1 1536w, https:\/\/i0.wp.com\/desdechiquitos.org\/wp-content\/uploads\/2023\/12\/IMG_3576-scaled.jpeg?resize=2048%2C1280&amp;ssl=1 2048w\" sizes=\"auto, (max-width: 1000px) 100vw, 1000px\" \/><\/figure>\n<\/div>\n\n\n\n<div class=\"nfd-container nfd-my-0 nfd-px-md nfd-py-lg nfd-bg-gray-100 wp-block-group alignfull has-black-color has-white-background-color has-text-color has-background is-layout-flow wp-container-core-group-is-layout-330ce275 wp-block-group-is-layout-flow\" id=\"features\">\n<div class=\"md:nfd-gap-8 nfd-text-base wp-block-columns are-vertically-aligned-top is-layout-flex wp-container-core-columns-is-layout-269740e5 wp-block-columns-is-layout-flex\">\n<div class=\"md:nfd-order-2 wp-block-column is-vertically-aligned-top is-layout-flow wp-container-core-column-is-layout-c6626a78 wp-block-column-is-layout-flow\" style=\"flex-basis:50%\">\n<div class=\"wp-block-group is-layout-constrained wp-container-core-group-is-layout-a29f7d37 wp-block-group-is-layout-constrained\">\n<h3 class=\"wp-block-heading nfd-text-huge nfd-text-current\">Compra un libro, regala un libro<\/h3>\n\n\n\n<div class=\"nfd-text-md nfd-text-opacity-80 wp-block-group is-layout-constrained wp-block-group-is-layout-constrained\" style=\"padding-bottom:8px\">\n<p class=\"\">The profits from every book purchase are used to provide books for children in low resource communities in Guatemala. You can enjoy reading these colorful stories with your little ones while knowing that you helped put a book into the hands of another young reader.<\/p>\n\n\n\n<p class=\"\">Hemos publicado dos libros infantiles: Maribel Plans a Party (Ingl\u00e9s) \/ Maribel y la fiesta de Paco (Espa\u00f1ol) and Maribel y su gran imaginaci\u00f3n\/Maribel and her Grand Imagination (Libro biling\u00fce en espa\u00f1ol e ingl\u00e9s). <\/p>\n\n\n\n<p class=\"\">Maribel y su gran imaginaci\u00f3n\/Maribel and her Grand Imagination es nuestro libro nuevo y est\u00e1 disponible para su compra en nuestra <a href=\"https:\/\/desdechiquitos.org\/es\/shop\/\" data-type=\"page\" data-id=\"171\">tienda<\/a>.<\/p>\n\n\n\n<p class=\"\"><a href=\"https:\/\/www.blurb.com\/b\/10943479-maribel-plans-a-party\">Maribel Plans a Party<\/a> \/ <a href=\"https:\/\/www.blurb.com\/b\/10943864-maribel-y-la-fiesta-de-paco\">Maribel y la fiesta de Paco<\/a> est\u00e1 disponible para su compra a trav\u00e9s de Blurb (si se encuentra en los EE. UU. o Canad\u00e1) o aqu\u00ed mismo en nuestra <a href=\"https:\/\/desdechiquitos.org\/es\/shop\/\" data-type=\"page\" data-id=\"171\">tienda<\/a>.<\/p>\n\n\n\n<p class=\"\">Si est\u00e1s en Guatemala y deseas adquirir un libro, env\u00edanos un correo electr\u00f3nico a<\/p>\n\n\n\n<p class=\"\"><\/p>\n<\/div>\n<\/div>\n<\/div>\n\n\n\n<div class=\"md:nfd-order-2 wp-block-column is-vertically-aligned-top is-layout-flow wp-container-core-column-is-layout-c6626a78 wp-block-column-is-layout-flow\" style=\"flex-basis:50%\">\n<div class=\"wp-block-group is-layout-constrained wp-container-core-group-is-layout-d8832133 wp-block-group-is-layout-constrained\">\n<div style=\"height:24px\" aria-hidden=\"true\" class=\"md:nfd-hidden wp-block-spacer\"><\/div>\n\n\n\n<h2 class=\"wp-block-heading nfd-text-huge nfd-text-current\">Haz una donaci\u00f3n hoy<\/h2>\n\n\n\n<div class=\"nfd-text-md nfd-text-opacity-80 wp-block-group is-layout-constrained wp-block-group-is-layout-constrained\" style=\"padding-bottom:8px\">\n<p class=\"\">Tambi\u00e9n puedes apoyar nuestro trabajo haciendo una donaci\u00f3n directamente a trav\u00e9s de PayPal. Todas las donaciones respaldan nuestra capacidad de donar libros a ni\u00f1os en Guatemala.<\/p>\n\n\n\n<div class=\"wp-block-buttons is-content-justification-center is-layout-flex wp-container-core-buttons-is-layout-a89b3969 wp-block-buttons-is-layout-flex\">\n<div class=\"wp-block-button\"><a class=\"wp-block-button__link has-text-align-center wp-element-button\" href=\"https:\/\/www.paypal.com\/donate\/?hosted_button_id=RDHN8BRWG3XJU\" target=\"_blank\" rel=\"noreferrer noopener\">Haz una donacion<\/a><\/div>\n<\/div>\n<\/div>\n<\/div>\n<\/div>\n<\/div>\n<\/div>\n\n\n\n<div class=\"nfd-container nfd-my-0 nfd-p-0 wp-block-group alignfull has-black-color has-white-background-color has-text-color has-background is-layout-constrained wp-container-core-group-is-layout-4383d167 wp-block-group-is-layout-constrained\" id=\"gallery\">\n<figure class=\"wp-block-gallery has-nested-images columns-4 is-cropped wp-block-gallery-1 is-layout-flex wp-block-gallery-is-layout-flex\">\n<figure class=\"nfd-mt-8 md:nfd-my-0 wp-block-image size-large\"><img data-recalc-dims=\"1\" loading=\"lazy\" decoding=\"async\" width=\"819\" height=\"1024\" data-id=\"305\" src=\"https:\/\/i0.wp.com\/desdechiquitos.org\/wp-content\/uploads\/2024\/09\/Untitled-20-x-25-cm-20-x-25-cm.png?resize=819%2C1024&#038;ssl=1\" alt=\"\" class=\"wp-image-305\" style=\"aspect-ratio:3\/4;object-fit:cover\" srcset=\"https:\/\/i0.wp.com\/desdechiquitos.org\/wp-content\/uploads\/2024\/09\/Untitled-20-x-25-cm-20-x-25-cm.png?resize=819%2C1024&amp;ssl=1 819w, https:\/\/i0.wp.com\/desdechiquitos.org\/wp-content\/uploads\/2024\/09\/Untitled-20-x-25-cm-20-x-25-cm.png?resize=240%2C300&amp;ssl=1 240w, https:\/\/i0.wp.com\/desdechiquitos.org\/wp-content\/uploads\/2024\/09\/Untitled-20-x-25-cm-20-x-25-cm.png?resize=768%2C960&amp;ssl=1 768w, https:\/\/i0.wp.com\/desdechiquitos.org\/wp-content\/uploads\/2024\/09\/Untitled-20-x-25-cm-20-x-25-cm.png?resize=1229%2C1536&amp;ssl=1 1229w, https:\/\/i0.wp.com\/desdechiquitos.org\/wp-content\/uploads\/2024\/09\/Untitled-20-x-25-cm-20-x-25-cm.png?resize=1638%2C2048&amp;ssl=1 1638w, https:\/\/i0.wp.com\/desdechiquitos.org\/wp-content\/uploads\/2024\/09\/Untitled-20-x-25-cm-20-x-25-cm.png?resize=10%2C12&amp;ssl=1 10w, https:\/\/i0.wp.com\/desdechiquitos.org\/wp-content\/uploads\/2024\/09\/Untitled-20-x-25-cm-20-x-25-cm.png?resize=600%2C750&amp;ssl=1 600w, https:\/\/i0.wp.com\/desdechiquitos.org\/wp-content\/uploads\/2024\/09\/Untitled-20-x-25-cm-20-x-25-cm.png?w=2000&amp;ssl=1 2000w, https:\/\/i0.wp.com\/desdechiquitos.org\/wp-content\/uploads\/2024\/09\/Untitled-20-x-25-cm-20-x-25-cm.png?w=3000&amp;ssl=1 3000w\" sizes=\"auto, (max-width: 819px) 100vw, 819px\" \/><\/figure>\n\n\n\n<figure class=\"nfd-mb-8 md:nfd-my-0 wp-block-image size-large\"><img data-recalc-dims=\"1\" loading=\"lazy\" decoding=\"async\" width=\"819\" height=\"1024\" data-id=\"304\" src=\"https:\/\/i0.wp.com\/desdechiquitos.org\/wp-content\/uploads\/2024\/09\/Untitled-20-x-25-cm.png?resize=819%2C1024&#038;ssl=1\" alt=\"\" class=\"wp-image-304\" style=\"aspect-ratio:3\/4;object-fit:cover\" srcset=\"https:\/\/i0.wp.com\/desdechiquitos.org\/wp-content\/uploads\/2024\/09\/Untitled-20-x-25-cm.png?resize=819%2C1024&amp;ssl=1 819w, https:\/\/i0.wp.com\/desdechiquitos.org\/wp-content\/uploads\/2024\/09\/Untitled-20-x-25-cm.png?resize=240%2C300&amp;ssl=1 240w, https:\/\/i0.wp.com\/desdechiquitos.org\/wp-content\/uploads\/2024\/09\/Untitled-20-x-25-cm.png?resize=768%2C960&amp;ssl=1 768w, https:\/\/i0.wp.com\/desdechiquitos.org\/wp-content\/uploads\/2024\/09\/Untitled-20-x-25-cm.png?resize=1229%2C1536&amp;ssl=1 1229w, https:\/\/i0.wp.com\/desdechiquitos.org\/wp-content\/uploads\/2024\/09\/Untitled-20-x-25-cm.png?resize=1638%2C2048&amp;ssl=1 1638w, https:\/\/i0.wp.com\/desdechiquitos.org\/wp-content\/uploads\/2024\/09\/Untitled-20-x-25-cm.png?resize=10%2C12&amp;ssl=1 10w, https:\/\/i0.wp.com\/desdechiquitos.org\/wp-content\/uploads\/2024\/09\/Untitled-20-x-25-cm.png?resize=600%2C750&amp;ssl=1 600w, https:\/\/i0.wp.com\/desdechiquitos.org\/wp-content\/uploads\/2024\/09\/Untitled-20-x-25-cm.png?w=2000&amp;ssl=1 2000w, https:\/\/i0.wp.com\/desdechiquitos.org\/wp-content\/uploads\/2024\/09\/Untitled-20-x-25-cm.png?w=3000&amp;ssl=1 3000w\" sizes=\"auto, (max-width: 819px) 100vw, 819px\" \/><\/figure>\n\n\n\n<figure class=\"nfd-mt-8 md:nfd-my-0 wp-block-image size-large\"><img data-recalc-dims=\"1\" loading=\"lazy\" decoding=\"async\" width=\"1024\" height=\"1024\" data-id=\"53\" src=\"https:\/\/i0.wp.com\/desdechiquitos.org\/wp-content\/uploads\/2023\/12\/IMG_3574.jpeg?resize=1024%2C1024&#038;ssl=1\" alt=\"\" class=\"wp-image-53\" style=\"aspect-ratio:3\/4;object-fit:cover\" srcset=\"https:\/\/i0.wp.com\/desdechiquitos.org\/wp-content\/uploads\/2023\/12\/IMG_3574-scaled.jpeg?resize=1024%2C1024&amp;ssl=1 1024w, https:\/\/i0.wp.com\/desdechiquitos.org\/wp-content\/uploads\/2023\/12\/IMG_3574-scaled.jpeg?resize=300%2C300&amp;ssl=1 300w, https:\/\/i0.wp.com\/desdechiquitos.org\/wp-content\/uploads\/2023\/12\/IMG_3574-scaled.jpeg?resize=150%2C150&amp;ssl=1 150w, https:\/\/i0.wp.com\/desdechiquitos.org\/wp-content\/uploads\/2023\/12\/IMG_3574-scaled.jpeg?resize=768%2C768&amp;ssl=1 768w, https:\/\/i0.wp.com\/desdechiquitos.org\/wp-content\/uploads\/2023\/12\/IMG_3574-scaled.jpeg?resize=1536%2C1536&amp;ssl=1 1536w, https:\/\/i0.wp.com\/desdechiquitos.org\/wp-content\/uploads\/2023\/12\/IMG_3574-scaled.jpeg?resize=2048%2C2048&amp;ssl=1 2048w\" sizes=\"auto, (max-width: 1000px) 100vw, 1000px\" \/><\/figure>\n\n\n\n<figure class=\"nfd-mb-8 md:nfd-my-0 wp-block-image size-large\"><img data-recalc-dims=\"1\" loading=\"lazy\" decoding=\"async\" width=\"1024\" height=\"640\" data-id=\"41\" src=\"https:\/\/i0.wp.com\/desdechiquitos.org\/wp-content\/uploads\/2023\/12\/IMG_2619.jpeg?resize=1024%2C640&#038;ssl=1\" alt=\"\" class=\"wp-image-41\" style=\"aspect-ratio:3\/4;object-fit:cover\" srcset=\"https:\/\/i0.wp.com\/desdechiquitos.org\/wp-content\/uploads\/2023\/12\/IMG_2619-scaled.jpeg?resize=1024%2C640&amp;ssl=1 1024w, https:\/\/i0.wp.com\/desdechiquitos.org\/wp-content\/uploads\/2023\/12\/IMG_2619-scaled.jpeg?resize=300%2C188&amp;ssl=1 300w, https:\/\/i0.wp.com\/desdechiquitos.org\/wp-content\/uploads\/2023\/12\/IMG_2619-scaled.jpeg?resize=768%2C480&amp;ssl=1 768w, https:\/\/i0.wp.com\/desdechiquitos.org\/wp-content\/uploads\/2023\/12\/IMG_2619-scaled.jpeg?resize=1536%2C960&amp;ssl=1 1536w, https:\/\/i0.wp.com\/desdechiquitos.org\/wp-content\/uploads\/2023\/12\/IMG_2619-scaled.jpeg?resize=2048%2C1280&amp;ssl=1 2048w\" sizes=\"auto, (max-width: 1000px) 100vw, 1000px\" \/><\/figure>\n<\/figure>\n<\/div>\n\n\n\n<div class=\"wp-block-columns is-layout-flex wp-container-core-columns-is-layout-28f84493 wp-block-columns-is-layout-flex\">\n<div class=\"wp-block-column is-layout-flow wp-block-column-is-layout-flow\">\n<div class=\"wp-block-group is-layout-constrained wp-container-core-group-is-layout-4474b0c1 wp-block-group-is-layout-constrained\">\n<div class=\"wp-block-group is-content-justification-center is-nowrap is-layout-flex wp-container-core-group-is-layout-23441af8 wp-block-group-is-layout-flex\">\n<h2 class=\"wp-block-heading has-text-align-center\">Por qu\u00e9 libros infantiles<\/h2>\n<\/div>\n\n\n\n<p class=\"\">La educaci\u00f3n es una herramienta incre\u00edble de cambio y crecimiento, y un fundamento en la lucha contra la injusticia. La educaci\u00f3n es empoderadora, brindando a los ni\u00f1os la oportunidad de explorar sus mentes y desarrollar sus fortalezas. A trav\u00e9s de la educaci\u00f3n, las personas pueden reconocer su propio valor, pueden tomar decisiones para s\u00ed mismos y sus comunidades que no se basan en la ignorancia o manipulaci\u00f3n de otros, y pueden acceder a mayores oportunidades para ellos mismos y sus familias.<\/p>\n\n\n\n<p class=\"\">La capacidad de leer es el fundamento de la educaci\u00f3n y una habilidad que cambia vidas, y aqu\u00ed es donde entran los libros infantiles. Los libros ilustrados promueven la alfabetizaci\u00f3n, enriquecen el vocabulario y ense\u00f1an estructura de oraciones, an\u00e1lisis de historias y razonamiento. Las ilustraciones en los libros infantiles ayudan a los ni\u00f1os a comprender lo que est\u00e1n leyendo y aumentan su comprensi\u00f3n, de modo que no solo reconocen palabras individuales, sino que comprenden la historia en su conjunto. Quiz\u00e1s lo m\u00e1s importante, hacen que la lectura sea una habilidad divertida y placentera al permitir que los ni\u00f1os interact\u00faen con los personajes y su mundo. El amor por la lectura tiene el poder de despertar el amor por el aprendizaje, el cuestionamiento, el descubrimiento y la creaci\u00f3n.<\/p>\n<\/div>\n<\/div>\n<\/div>\n\n\n\n<div class=\"nfd-pb-md wp-block-group alignfull has-background is-layout-constrained wp-block-group-is-layout-constrained\" style=\"background:linear-gradient(180deg,rgb(243,244,246) 40%,rgb(255,255,255) 40%);margin-top:0;margin-bottom:0\">\n<div class=\"wp-block-columns is-layout-flex wp-container-core-columns-is-layout-28f84493 wp-block-columns-is-layout-flex\">\n<div class=\"wp-block-column is-layout-flow wp-block-column-is-layout-flow\">\n<p class=\"has-text-align-center\"><em>1 de cada 3 personas ind\u00edgenas en Guatemala no pueden o leer o escribir.<\/em><\/p>\n<\/div>\n\n\n\n<div class=\"wp-block-column is-layout-flow wp-block-column-is-layout-flow\">\n<p class=\"has-text-align-center\"><em>El 80% de los ni\u00f1os ind\u00edgenas no terminar\u00e1n la escuela primaria.<\/em><\/p>\n<\/div>\n\n\n\n<div class=\"wp-block-column is-layout-flow wp-block-column-is-layout-flow\">\n<p class=\"has-text-align-center\"><em>La tasa de matriculaci\u00f3n para los guatemaltecos en edad de secundaria es solo del 10%.<\/em><\/p>\n<\/div>\n<\/div>\n<\/div>\n\n\n\n<div class=\"nfd-container nfd-my-0 nfd-p-lg wp-block-group alignfull has-white-color has-black-background-color has-text-color has-background is-layout-flow wp-container-core-group-is-layout-f6422989 wp-block-group-is-layout-flow\" id=\"call-to-action\">\n<div class=\"wp-block-group is-layout-flow wp-container-core-group-is-layout-634f0b9d wp-block-group-is-layout-flow\">\n<h2 class=\"wp-block-heading nfd-text-huge nfd-text-current md:nfd-no-br has-text-align-center\">Nosotros Visualizamos<\/h2>\n\n\n\n<div class=\"nfd-text-md nfd-text-opacity-80 wp-block-group is-content-justification-center is-layout-constrained wp-container-core-group-is-layout-1a6d0426 wp-block-group-is-layout-constrained\" style=\"padding-bottom:8px\">\n<p class=\"has-text-align-center\">Una Guatemala donde los ni\u00f1os tengan acceso a libros. Para sostener en sus manos. Para leer en sus hogares. Libros con personajes que se parezcan a ellos, que hablen su idioma y vivan en su pa\u00eds. Libros que los inspiren a so\u00f1ar grandes sue\u00f1os, a seguir leyendo y aprendiendo, a luchar por m\u00e1s oportunidades.<\/p>\n<\/div>\n<\/div>\n\n\n\n<div class=\"wp-block-columns is-layout-flex wp-container-core-columns-is-layout-d77b315f wp-block-columns-is-layout-flex\">\n<div class=\"wp-block-column is-layout-flow wp-container-core-column-is-layout-1a0eff7f wp-block-column-is-layout-flow\">\n<div class=\"wp-block-group is-content-justification-left is-layout-constrained wp-container-core-group-is-layout-5425d6cf wp-block-group-is-layout-constrained\">\n<p class=\"nfd-text-sm nfd-text-secondary md:nfd-text-center\" style=\"text-transform:uppercase\"><\/p>\n<\/div>\n\n\n\n<div class=\"nfd-text-base wp-block-group is-content-justification-left is-layout-constrained wp-container-core-group-is-layout-12dd3699 wp-block-group-is-layout-constrained\">\n<p class=\"md:nfd-text-center\"><br><\/p>\n<\/div>\n<\/div>\n<\/div>\n<\/div>","protected":false},"excerpt":{"rendered":"<p>learn more Get Involved Buy a Book, Give a Book The profits from every book purchase are used to provide books for children in low resource communities in Guatemala. You can enjoy reading these colorful stories with your little ones while knowing that you helped put a book into the hands of another young reader. [&hellip;]<\/p>\n","protected":false},"author":1,"featured_media":0,"parent":0,"menu_order":0,"comment_status":"closed","ping_status":"closed","template":"no-title","meta":{"nf_dc_page":"","_monsterinsights_skip_tracking":false,"_monsterinsights_sitenote_active":false,"_monsterinsights_sitenote_note":"","_monsterinsights_sitenote_category":0,"jetpack_post_was_ever_published":false,"footnotes":""},"class_list":["post-114","page","type-page","status-publish","hentry"],"jetpack_sharing_enabled":true,"_links":{"self":[{"href":"https:\/\/desdechiquitos.org\/es\/wp-json\/wp\/v2\/pages\/114","targetHints":{"allow":["GET"]}}],"collection":[{"href":"https:\/\/desdechiquitos.org\/es\/wp-json\/wp\/v2\/pages"}],"about":[{"href":"https:\/\/desdechiquitos.org\/es\/wp-json\/wp\/v2\/types\/page"}],"author":[{"embeddable":true,"href":"https:\/\/desdechiquitos.org\/es\/wp-json\/wp\/v2\/users\/1"}],"replies":[{"embeddable":true,"href":"https:\/\/desdechiquitos.org\/es\/wp-json\/wp\/v2\/comments?post=114"}],"version-history":[{"count":5,"href":"https:\/\/desdechiquitos.org\/es\/wp-json\/wp\/v2\/pages\/114\/revisions"}],"predecessor-version":[{"id":306,"href":"https:\/\/desdechiquitos.org\/es\/wp-json\/wp\/v2\/pages\/114\/revisions\/306"}],"wp:attachment":[{"href":"https:\/\/desdechiquitos.org\/es\/wp-json\/wp\/v2\/media?parent=114"}],"curies":[{"name":"wp","href":"https:\/\/api.w.org\/{rel}","templated":true}]}}