{"id":5,"date":"2023-12-01T20:25:09","date_gmt":"2023-12-01T20:25:09","guid":{"rendered":"https:\/\/desdechiqiutos.org\/home\/"},"modified":"2024-09-06T21:03:04","modified_gmt":"2024-09-06T21:03:04","slug":"home","status":"publish","type":"page","link":"https:\/\/desdechiquitos.org\/es\/","title":{"rendered":"Inicio"},"content":{"rendered":"<div class=\"nfd-container nfd-my-0 nfd-py-md wp-block-group alignfull has-white-color has-text-color has-background is-layout-flow wp-container-core-group-is-layout-05898ac8 wp-block-group-is-layout-flow\" id=\"intro\" style=\"background:linear-gradient(0deg,rgb(243,244,246) 18%,rgb(22,26,29) 18%)\">\n<div class=\"nfd-py-md wp-block-group is-layout-flow wp-container-core-group-is-layout-4002ca1b wp-block-group-is-layout-flow\">\n<p class=\"nfd-text-sm nfd-text-secondary has-text-align-center\" style=\"font-style:normal;font-weight:600;letter-spacing:0.05em;text-transform:uppercase\">Organizaci\u00f3n sin fines de lucro<\/p>\n\n\n\n<h1 class=\"nfd-text-giga nfd-text-current md:nfd-no-br wp-block-heading has-text-align-center\">Desde Chiquitos <\/h1>\n\n\n\n<h2 class=\"nfd-text-giga nfd-text-current md:nfd-no-br wp-block-heading has-text-align-center has-medium-font-size\"><br>Alentando la imaginaci\u00f3n, promoviendo el alfabetismo, animando la representaci\u00f3n<\/h2>\n\n\n\n<div class=\"nfd-text-base wp-block-buttons is-content-justification-center is-layout-flex wp-container-core-buttons-is-layout-1c79d16d wp-block-buttons-is-layout-flex\" style=\"margin-top:50px\">\n<div class=\"wp-block-button\" style=\"font-style:normal;font-weight:500;line-height:1.5\"><a class=\"wp-block-button__link wp-element-button\" href=\"https:\/\/desdechiquitos.org\/es\/get-involved\/\" style=\"padding-top:20px;padding-right:48px;padding-bottom:20px;padding-left:48px\">Ap\u00f3yanos<\/a><\/div>\n<\/div>\n<\/div>\n\n\n\n<div class=\"wp-block-columns is-layout-flex wp-container-core-columns-is-layout-8f44ed25 wp-block-columns-is-layout-flex\">\n<div class=\"wp-block-column is-layout-flow wp-block-column-is-layout-flow\">\n<figure class=\"wp-block-image size-large has-custom-border\"><img data-recalc-dims=\"1\" loading=\"lazy\" decoding=\"async\" width=\"1024\" height=\"578\" src=\"https:\/\/i0.wp.com\/desdechiquitos.org\/wp-content\/uploads\/2023\/12\/IMG_0002.jpeg?resize=1024%2C578&#038;ssl=1\" alt=\"\" class=\"wp-image-31\" style=\"border-radius:4px;aspect-ratio:2\/3;object-fit:cover\" srcset=\"https:\/\/i0.wp.com\/desdechiquitos.org\/wp-content\/uploads\/2023\/12\/IMG_0002.jpeg?resize=1024%2C578&amp;ssl=1 1024w, https:\/\/i0.wp.com\/desdechiquitos.org\/wp-content\/uploads\/2023\/12\/IMG_0002.jpeg?resize=300%2C169&amp;ssl=1 300w, https:\/\/i0.wp.com\/desdechiquitos.org\/wp-content\/uploads\/2023\/12\/IMG_0002.jpeg?resize=768%2C433&amp;ssl=1 768w, https:\/\/i0.wp.com\/desdechiquitos.org\/wp-content\/uploads\/2023\/12\/IMG_0002.jpeg?w=1280&amp;ssl=1 1280w\" sizes=\"auto, (max-width: 1000px) 100vw, 1000px\" \/><\/figure>\n<\/div>\n\n\n\n<div class=\"wp-block-column is-layout-flow wp-block-column-is-layout-flow\">\n<figure class=\"wp-block-image size-large has-custom-border\"><img data-recalc-dims=\"1\" loading=\"lazy\" decoding=\"async\" width=\"1024\" height=\"768\" src=\"https:\/\/i0.wp.com\/desdechiquitos.org\/wp-content\/uploads\/2023\/12\/IMG_4709.jpeg?resize=1024%2C768&#038;ssl=1\" alt=\"\" class=\"wp-image-65\" style=\"border-radius:4px;aspect-ratio:2\/3;object-fit:cover\" srcset=\"https:\/\/i0.wp.com\/desdechiquitos.org\/wp-content\/uploads\/2023\/12\/IMG_4709.jpeg?resize=1024%2C768&amp;ssl=1 1024w, https:\/\/i0.wp.com\/desdechiquitos.org\/wp-content\/uploads\/2023\/12\/IMG_4709.jpeg?resize=300%2C225&amp;ssl=1 300w, https:\/\/i0.wp.com\/desdechiquitos.org\/wp-content\/uploads\/2023\/12\/IMG_4709.jpeg?resize=768%2C576&amp;ssl=1 768w, https:\/\/i0.wp.com\/desdechiquitos.org\/wp-content\/uploads\/2023\/12\/IMG_4709.jpeg?w=1280&amp;ssl=1 1280w\" sizes=\"auto, (max-width: 1000px) 100vw, 1000px\" \/><\/figure>\n<\/div>\n\n\n\n<div class=\"wp-block-column is-layout-flow wp-block-column-is-layout-flow\">\n<figure class=\"wp-block-image size-large has-custom-border\"><img data-recalc-dims=\"1\" loading=\"lazy\" decoding=\"async\" width=\"1024\" height=\"484\" src=\"https:\/\/i0.wp.com\/desdechiquitos.org\/wp-content\/uploads\/2023\/12\/14c68344-7c73-429b-a53b-62b4e419379b.jpeg?resize=1024%2C484&#038;ssl=1\" alt=\"\" class=\"wp-image-12\" style=\"border-radius:4px;aspect-ratio:2\/3;object-fit:cover\" srcset=\"https:\/\/i0.wp.com\/desdechiquitos.org\/wp-content\/uploads\/2023\/12\/14c68344-7c73-429b-a53b-62b4e419379b.jpeg?resize=1024%2C484&amp;ssl=1 1024w, https:\/\/i0.wp.com\/desdechiquitos.org\/wp-content\/uploads\/2023\/12\/14c68344-7c73-429b-a53b-62b4e419379b.jpeg?resize=300%2C142&amp;ssl=1 300w, https:\/\/i0.wp.com\/desdechiquitos.org\/wp-content\/uploads\/2023\/12\/14c68344-7c73-429b-a53b-62b4e419379b.jpeg?resize=768%2C363&amp;ssl=1 768w, https:\/\/i0.wp.com\/desdechiquitos.org\/wp-content\/uploads\/2023\/12\/14c68344-7c73-429b-a53b-62b4e419379b.jpeg?resize=1536%2C727&amp;ssl=1 1536w, https:\/\/i0.wp.com\/desdechiquitos.org\/wp-content\/uploads\/2023\/12\/14c68344-7c73-429b-a53b-62b4e419379b.jpeg?w=1600&amp;ssl=1 1600w\" sizes=\"auto, (max-width: 1000px) 100vw, 1000px\" \/><\/figure>\n<\/div>\n<\/div>\n<\/div>\n\n\n\n<div class=\"nfd-container nfd-my-0 nfd-bg-gray-100 nfd-py-md nfd-px-lg wp-block-group alignfull is-layout-flow wp-block-group-is-layout-flow\" id=\"clients\" style=\"padding-bottom:40px\">\n<div class=\"wp-block-group is-layout-flow wp-block-group-is-layout-flow\" style=\"border-radius:4px;padding-top:20px;padding-bottom:32px\">\n<div class=\"wp-block-columns is-layout-flex wp-container-core-columns-is-layout-392a7114 wp-block-columns-is-layout-flex\" style=\"padding-right:40px;padding-left:40px\">\n<div class=\"wp-block-column is-vertically-aligned-center is-layout-flow wp-block-column-is-layout-flow\" style=\"flex-basis:25%\"><\/div>\n\n\n\n<div class=\"wp-block-column is-vertically-aligned-center is-layout-flow wp-block-column-is-layout-flow\" style=\"flex-basis:25%\"><\/div>\n\n\n\n<div class=\"wp-block-column is-vertically-aligned-center is-layout-flow wp-block-column-is-layout-flow\" style=\"flex-basis:25%\"><\/div>\n\n\n\n<div class=\"wp-block-column is-vertically-aligned-center is-layout-flow wp-block-column-is-layout-flow\" style=\"flex-basis:25%\"><\/div>\n<\/div>\n<\/div>\n<\/div>\n\n\n\n<div class=\"nfd-container nfd-my-0 nfd-p-lg wp-block-group alignfull has-black-color has-white-background-color has-text-color has-background is-layout-flow wp-container-core-group-is-layout-330ce275 wp-block-group-is-layout-flow\" id=\"area-of-practice\">\n<div class=\"wp-block-group is-layout-constrained wp-block-group-is-layout-constrained\">\n<h2 class=\"nfd-text-huge nfd-text-current md:nfd-no-br wp-block-heading has-text-align-center\">Lo Que Hacemos<\/h2>\n<\/div>\n\n\n\n<div class=\"wp-block-group is-layout-flow wp-container-core-group-is-layout-634f0b9d wp-block-group-is-layout-flow\">\n<div class=\"nfd-text-base  wp-block-columns is-layout-flex wp-container-core-columns-is-layout-13e2ef3f wp-block-columns-is-layout-flex\">\n<div class=\"wp-block-column is-layout-flow wp-block-column-is-layout-flow\">\n<div class=\"nfd-h-full nfd-bg-gray-100 wp-block-group has-black-color has-text-color is-content-justification-left is-layout-constrained wp-container-core-group-is-layout-009c55f8 wp-block-group-is-layout-constrained\" style=\"border-radius:8px;padding-top:32px;padding-right:32px;padding-bottom:32px;padding-left:32px\">\n<div class=\"wp-block-group is-content-justification-left is-layout-constrained wp-container-core-group-is-layout-94755ad4 wp-block-group-is-layout-constrained\">\n<p class=\"nfd-text-xl nfd-text-primary\" style=\"font-style:normal;font-weight:300;letter-spacing:2px\">01<\/p>\n\n\n\n<p class=\"\">Crear y Distribuir Libros<\/p>\n<\/div>\n\n\n\n<div class=\"nfd-text-opacity-80 wp-block-group is-layout-constrained wp-block-group-is-layout-constrained\">\n<p class=\"\">Escribir, Ilustrar, y publicar libros infantiles. Donar libros a ni\u00f1os de comunidades de bajos recursos en Guatemala.<\/p>\n<\/div>\n<\/div>\n<\/div>\n\n\n\n<div class=\"wp-block-column is-layout-flow wp-block-column-is-layout-flow\">\n<div class=\"nfd-h-full wp-block-group has-black-color has-white-background-color has-text-color has-background is-content-justification-left is-layout-constrained wp-container-core-group-is-layout-009c55f8 wp-block-group-is-layout-constrained\" style=\"border-radius:8px;padding-top:32px;padding-right:32px;padding-bottom:32px;padding-left:32px\">\n<div class=\"wp-block-group is-content-justification-left is-layout-constrained wp-container-core-group-is-layout-94755ad4 wp-block-group-is-layout-constrained\">\n<p class=\"nfd-text-xl nfd-text-primary\" style=\"font-style:normal;font-weight:300;letter-spacing:2px\">02<\/p>\n\n\n\n<p class=\"\">Aumentar la representaci\u00f3n<\/p>\n<\/div>\n\n\n\n<div class=\"nfd-text-opacity-80 wp-block-group is-layout-constrained wp-block-group-is-layout-constrained\">\n<p class=\"has-foreground-color has-text-color\">Crear libros que se centren en la cultura de Guatemala y el idioma espa\u00f1ol para que sirvan como una ventana y un espejo.<\/p>\n<\/div>\n<\/div>\n<\/div>\n\n\n\n<div class=\"wp-block-column is-layout-flow wp-block-column-is-layout-flow\">\n<div class=\"nfd-h-full nfd-bg-gray-100 wp-block-group has-black-color has-text-color is-content-justification-left is-layout-constrained wp-container-core-group-is-layout-009c55f8 wp-block-group-is-layout-constrained\" style=\"border-radius:8px;padding-top:32px;padding-right:32px;padding-bottom:32px;padding-left:32px\">\n<div class=\"wp-block-group is-content-justification-left is-layout-constrained wp-container-core-group-is-layout-94755ad4 wp-block-group-is-layout-constrained\">\n<p class=\"nfd-text-xl nfd-text-primary\" style=\"font-style:normal;font-weight:300;letter-spacing:2px\">03<\/p>\n\n\n\n<p class=\"\">Alentar el alfabetismo, la creatividad, y la imaginaci\u00f3n<\/p>\n<\/div>\n\n\n\n<div class=\"nfd-text-opacity-80 wp-block-group is-layout-constrained wp-block-group-is-layout-constrained\">\n<p class=\"\">Promover alfabetismo al proveer a los ni\u00f1os acceso a libros y al mismo tiempo alentarlos a usar su imaginaci\u00f3n y creatividad.<\/p>\n<\/div>\n<\/div>\n<\/div>\n<\/div>\n\n\n\n<div class=\"nfd-text-base  wp-block-columns is-layout-flex wp-container-core-columns-is-layout-13e2ef3f wp-block-columns-is-layout-flex\">\n<div class=\"wp-block-column is-layout-flow wp-block-column-is-layout-flow\">\n<div class=\"nfd-h-full wp-block-group has-black-color has-white-background-color has-text-color has-background is-content-justification-left is-layout-constrained wp-container-core-group-is-layout-009c55f8 wp-block-group-is-layout-constrained\" style=\"border-radius:8px;padding-top:32px;padding-right:32px;padding-bottom:32px;padding-left:32px\"><\/div>\n<\/div>\n\n\n\n<div class=\"wp-block-column is-layout-flow wp-block-column-is-layout-flow\"><\/div>\n\n\n\n<div class=\"wp-block-column is-layout-flow wp-block-column-is-layout-flow\"><\/div>\n<\/div>\n<\/div>\n<\/div>\n\n\n\n<div style=\"height:32px\" aria-hidden=\"true\" class=\"nfd-my-0 wp-block-spacer\"><\/div>\n\n\n\n<div class=\"nfd-my-0 nfd-px-md nfd-py-0 nfd-pb-lg nfd-container nfd-bg-gray-100 wp-block-group alignfull has-black-color has-text-color has-background is-layout-flow wp-container-core-group-is-layout-330ce275 wp-block-group-is-layout-flow\" id=\"features\" style=\"background:linear-gradient(180deg,rgb(255,255,255) 0%,rgb(243,244,246) 100%)\">\n<div class=\"md:nfd-gap-8 nfd-text-base wp-block-columns are-vertically-aligned-center is-layout-flex wp-container-core-columns-is-layout-269740e5 wp-block-columns-is-layout-flex\">\n<div class=\"wp-block-column is-vertically-aligned-center is-layout-flow wp-container-core-column-is-layout-8a368f38 wp-block-column-is-layout-flow\" style=\"flex-basis:50%\">\n<div class=\"nfd-grid nfd-grid-cols-9 nfd-grid-rows-1 nfd-items-center wp-block-group is-layout-flow wp-container-core-group-is-layout-a77db08e wp-block-group-is-layout-flow\">\n<figure class=\"nfd-col-start-1 nfd-col-end-9 nfd-row-start-1 wp-block-image size-large has-custom-border\"><img data-recalc-dims=\"1\" loading=\"lazy\" decoding=\"async\" width=\"1024\" height=\"1024\" src=\"https:\/\/i0.wp.com\/desdechiquitos.org\/wp-content\/uploads\/2023\/12\/IMG_3574.jpeg?resize=1024%2C1024&#038;ssl=1\" alt=\"\" class=\"wp-image-53\" style=\"border-radius:8px;border-right-color:var(--wp--preset--color--white);border-right-width:3px;aspect-ratio:3\/4;object-fit:cover\" srcset=\"https:\/\/i0.wp.com\/desdechiquitos.org\/wp-content\/uploads\/2023\/12\/IMG_3574-scaled.jpeg?resize=1024%2C1024&amp;ssl=1 1024w, https:\/\/i0.wp.com\/desdechiquitos.org\/wp-content\/uploads\/2023\/12\/IMG_3574-scaled.jpeg?resize=300%2C300&amp;ssl=1 300w, https:\/\/i0.wp.com\/desdechiquitos.org\/wp-content\/uploads\/2023\/12\/IMG_3574-scaled.jpeg?resize=150%2C150&amp;ssl=1 150w, https:\/\/i0.wp.com\/desdechiquitos.org\/wp-content\/uploads\/2023\/12\/IMG_3574-scaled.jpeg?resize=768%2C768&amp;ssl=1 768w, https:\/\/i0.wp.com\/desdechiquitos.org\/wp-content\/uploads\/2023\/12\/IMG_3574-scaled.jpeg?resize=1536%2C1536&amp;ssl=1 1536w, https:\/\/i0.wp.com\/desdechiquitos.org\/wp-content\/uploads\/2023\/12\/IMG_3574-scaled.jpeg?resize=2048%2C2048&amp;ssl=1 2048w\" sizes=\"auto, (max-width: 1000px) 100vw, 1000px\" \/><\/figure>\n\n\n\n<figure class=\"nfd-col-start-7 nfd-col-end-13 nfd-row-start-1 wp-block-image size-large has-custom-border\"><img data-recalc-dims=\"1\" loading=\"lazy\" decoding=\"async\" width=\"819\" height=\"1024\" src=\"https:\/\/i0.wp.com\/desdechiquitos.org\/wp-content\/uploads\/2023\/12\/IMG_2618.jpeg?resize=819%2C1024&#038;ssl=1\" alt=\"\" class=\"wp-image-42\" style=\"border-top-left-radius:8px;border-top-right-radius:8px;border-bottom-left-radius:8px;border-bottom-right-radius:8px;aspect-ratio:3\/4;object-fit:cover\" srcset=\"https:\/\/i0.wp.com\/desdechiquitos.org\/wp-content\/uploads\/2023\/12\/IMG_2618-scaled.jpeg?resize=819%2C1024&amp;ssl=1 819w, https:\/\/i0.wp.com\/desdechiquitos.org\/wp-content\/uploads\/2023\/12\/IMG_2618-scaled.jpeg?resize=240%2C300&amp;ssl=1 240w, https:\/\/i0.wp.com\/desdechiquitos.org\/wp-content\/uploads\/2023\/12\/IMG_2618-scaled.jpeg?resize=768%2C960&amp;ssl=1 768w, https:\/\/i0.wp.com\/desdechiquitos.org\/wp-content\/uploads\/2023\/12\/IMG_2618-scaled.jpeg?resize=1229%2C1536&amp;ssl=1 1229w, https:\/\/i0.wp.com\/desdechiquitos.org\/wp-content\/uploads\/2023\/12\/IMG_2618-scaled.jpeg?resize=1638%2C2048&amp;ssl=1 1638w, https:\/\/i0.wp.com\/desdechiquitos.org\/wp-content\/uploads\/2023\/12\/IMG_2618-scaled.jpeg?w=2048&amp;ssl=1 2048w\" sizes=\"auto, (max-width: 819px) 100vw, 819px\" \/><\/figure>\n<\/div>\n<\/div>\n\n\n\n<div class=\"md:nfd-order-2 wp-block-column is-vertically-aligned-center is-layout-flow wp-container-core-column-is-layout-343acf9e wp-block-column-is-layout-flow\" style=\"flex-basis:50%\">\n<h2 class=\"nfd-text-xl nfd-text-current wp-block-heading\">Mira Nuestros Libros<\/h2>\n\n\n\n<div class=\"nfd-text-md nfd-text-opacity-80 wp-block-group is-layout-constrained wp-block-group-is-layout-constrained\" style=\"padding-bottom:8px\">\n<p class=\"\"><em>Maribel y su gran imaginaci\u00f3n\/Maribel and her Grand Imagination<\/em><\/p>\n\n\n\n<p class=\"\">Maribel tiene una imaginaci\u00f3n muy viva y a veces eso la mete en problemas, pero \u00bfpodr\u00eda tener tambi\u00e9n la capacidad de salvar el d\u00eda?<\/p>\n\n\n\n<p class=\"\">Una dulce historia acerca del poder de la imaginaci\u00f3n con ilustraciones que capturan perfectamente la belleza de la infancia y el incre\u00edble pa\u00eds de Guatemala.<\/p>\n\n\n\n<p class=\"\"><em>Maribel Plans a Party \/ Maribel y la fiesta de Paco<\/em><\/p>\n\n\n\n<p class=\"\">Maribel est\u00e1 planeando una fiesta. Pero, \u00bftodo saldr\u00e1 bien? Quiz\u00e1s necesite la ayuda de algunos amigos. <\/p>\n\n\n\n<p class=\"\">Ambos libros cobran vida gracias a las ilustraciones del incre\u00edble artista <a href=\"https:\/\/www.annemagratten.com\/\">Anne Magratten.<\/a><\/p>\n<\/div>\n\n\n\n<div class=\"nfd-weight-inherit wp-block-buttons is-horizontal is-content-justification-left is-layout-flex wp-container-core-buttons-is-layout-72bafe38 wp-block-buttons-is-layout-flex\" style=\"line-height:1.5\">\n<div class=\"wp-block-button\"><a class=\"wp-block-button__link wp-element-button\" href=\"https:\/\/desdechiquitos.org\/es\/get-involved\/\" style=\"padding-top:16px;padding-right:32px;padding-bottom:16px;padding-left:32px\">Ver M\u00e1s<\/a><\/div>\n<\/div>\n<\/div>\n<\/div>\n\n\n\n<div class=\"md:nfd-gap-8 nfd-text-base wp-block-columns are-vertically-aligned-center is-layout-flex wp-container-core-columns-is-layout-269740e5 wp-block-columns-is-layout-flex\">\n<div class=\"md:nfd-order-2 wp-block-column is-vertically-aligned-center is-layout-flow wp-container-core-column-is-layout-343acf9e wp-block-column-is-layout-flow\" style=\"flex-basis:50%\">\n<h2 class=\"nfd-text-xl nfd-text-current wp-block-heading\">Ap\u00f3yanos<\/h2>\n\n\n\n<div class=\"nfd-text-md nfd-text-opacity-80 wp-block-group is-layout-constrained wp-block-group-is-layout-constrained\" style=\"padding-bottom:8px\">\n<p class=\"\">Compra un libro para un peque\u00f1o lector en tu vida y ay\u00fadanos a donar libros a ni\u00f1os que necesiten o ap\u00f3yanos directamente con una donaci\u00f3n.<\/p>\n<\/div>\n\n\n\n<div class=\"nfd-weight-inherit wp-block-buttons is-horizontal is-content-justification-left is-layout-flex wp-container-core-buttons-is-layout-72bafe38 wp-block-buttons-is-layout-flex\" style=\"line-height:1.5\">\n<div class=\"wp-block-button\"><a class=\"wp-block-button__link wp-element-button\" href=\"https:\/\/desdechiquitos.org\/es\/get-involved\/\" style=\"padding-top:16px;padding-right:32px;padding-bottom:16px;padding-left:32px\">Ver M\u00e1s<\/a><\/div>\n<\/div>\n<\/div>\n\n\n\n<div class=\"wp-block-column is-vertically-aligned-center is-layout-flow wp-container-core-column-is-layout-8a368f38 wp-block-column-is-layout-flow\" style=\"flex-basis:50%\">\n<div class=\"nfd-grid nfd-grid-cols-9 nfd-grid-rows-1 nfd-items-center wp-block-group is-layout-flow wp-container-core-group-is-layout-a77db08e wp-block-group-is-layout-flow\">\n<figure class=\"nfd-col-start-1 nfd-col-end-7 nfd-row-start-1 wp-block-image size-large has-custom-border\"><img data-recalc-dims=\"1\" loading=\"lazy\" decoding=\"async\" width=\"597\" height=\"1024\" src=\"https:\/\/i0.wp.com\/desdechiquitos.org\/wp-content\/uploads\/2023\/12\/IMG_4712-e1701466384677-597x1024.jpeg?resize=597%2C1024&#038;ssl=1\" alt=\"\" class=\"wp-image-62\" style=\"border-top-left-radius:8px;border-top-right-radius:8px;border-bottom-left-radius:8px;border-bottom-right-radius:8px;aspect-ratio:2\/3;object-fit:cover\" srcset=\"https:\/\/i0.wp.com\/desdechiquitos.org\/wp-content\/uploads\/2023\/12\/IMG_4712-e1701466384677.jpeg?resize=597%2C1024&amp;ssl=1 597w, https:\/\/i0.wp.com\/desdechiquitos.org\/wp-content\/uploads\/2023\/12\/IMG_4712-e1701466384677.jpeg?resize=175%2C300&amp;ssl=1 175w, https:\/\/i0.wp.com\/desdechiquitos.org\/wp-content\/uploads\/2023\/12\/IMG_4712-e1701466384677.jpeg?w=605&amp;ssl=1 605w\" sizes=\"auto, (max-width: 597px) 100vw, 597px\" \/><\/figure>\n\n\n\n<figure class=\"nfd-col-start-5 nfd-col-end-13 nfd-row-start-1 wp-block-image size-full has-custom-border\"><img data-recalc-dims=\"1\" loading=\"lazy\" decoding=\"async\" width=\"720\" height=\"960\" src=\"https:\/\/i0.wp.com\/desdechiquitos.org\/wp-content\/uploads\/2023\/12\/IMG_4949.jpeg?resize=720%2C960&#038;ssl=1\" alt=\"\" class=\"wp-image-81\" style=\"border-radius:8px;border-right-color:var(--wp--preset--color--white);border-right-width:3px;aspect-ratio:2\/3;object-fit:cover\" srcset=\"https:\/\/i0.wp.com\/desdechiquitos.org\/wp-content\/uploads\/2023\/12\/IMG_4949.jpeg?w=720&amp;ssl=1 720w, https:\/\/i0.wp.com\/desdechiquitos.org\/wp-content\/uploads\/2023\/12\/IMG_4949.jpeg?resize=225%2C300&amp;ssl=1 225w\" sizes=\"auto, (max-width: 720px) 100vw, 720px\" \/><\/figure>\n<\/div>\n<\/div>\n<\/div>\n<\/div>\n\n\n\n<div class=\"nfd-container nfd-my-0 nfd-p-lg nfd-bg-gray-800 wp-block-group alignfull has-white-color has-text-color is-layout-constrained wp-container-core-group-is-layout-76032447 wp-block-group-is-layout-constrained\" id=\"testimonials\"><\/div>\n\n\n\n<div class=\"nfd-my-0 nfd-p-0 nfd-border-accent nfd-overflow-hidden wp-block-group alignwide is-layout-flow wp-block-group-is-layout-flow\" id=\"call-to-action\" style=\"border-radius:8px\"><\/div>","protected":false},"excerpt":{"rendered":"<p>Non-profit organization Desde Chiquitos encouraging imagination, promoting literacy, increasing representation What We Do 01 Create and Distribute Books Write, illustrate, and publish children&#8217;s books. Donate books to children in low resource communities in Guatemala. 02 Increase Representation Create books that center Guatemalan culture and Spanish language to serve as a window and a mirror. 03 [&hellip;]<\/p>\n","protected":false},"author":1,"featured_media":82,"parent":0,"menu_order":0,"comment_status":"closed","ping_status":"closed","template":"no-title","meta":{"nf_dc_page":"home","_monsterinsights_skip_tracking":false,"_monsterinsights_sitenote_active":false,"_monsterinsights_sitenote_note":"","_monsterinsights_sitenote_category":0,"jetpack_post_was_ever_published":false,"footnotes":""},"class_list":["post-5","page","type-page","status-publish","has-post-thumbnail","hentry"],"jetpack_sharing_enabled":true,"_links":{"self":[{"href":"https:\/\/desdechiquitos.org\/es\/wp-json\/wp\/v2\/pages\/5","targetHints":{"allow":["GET"]}}],"collection":[{"href":"https:\/\/desdechiquitos.org\/es\/wp-json\/wp\/v2\/pages"}],"about":[{"href":"https:\/\/desdechiquitos.org\/es\/wp-json\/wp\/v2\/types\/page"}],"author":[{"embeddable":true,"href":"https:\/\/desdechiquitos.org\/es\/wp-json\/wp\/v2\/users\/1"}],"replies":[{"embeddable":true,"href":"https:\/\/desdechiquitos.org\/es\/wp-json\/wp\/v2\/comments?post=5"}],"version-history":[{"count":5,"href":"https:\/\/desdechiquitos.org\/es\/wp-json\/wp\/v2\/pages\/5\/revisions"}],"predecessor-version":[{"id":307,"href":"https:\/\/desdechiquitos.org\/es\/wp-json\/wp\/v2\/pages\/5\/revisions\/307"}],"wp:featuredmedia":[{"embeddable":true,"href":"https:\/\/desdechiquitos.org\/es\/wp-json\/wp\/v2\/media\/82"}],"wp:attachment":[{"href":"https:\/\/desdechiquitos.org\/es\/wp-json\/wp\/v2\/media?parent=5"}],"curies":[{"name":"wp","href":"https:\/\/api.w.org\/{rel}","templated":true}]}}