{"id":179,"date":"2024-08-15T23:51:12","date_gmt":"2024-08-15T23:51:12","guid":{"rendered":"https:\/\/desdechiquitos.org\/?post_type=product&#038;p=179"},"modified":"2024-08-25T01:15:36","modified_gmt":"2024-08-25T01:15:36","slug":"maribel-y-su-gran-imaginacion-maribel-and-her-grand-imagination","status":"publish","type":"product","link":"https:\/\/desdechiquitos.org\/es\/product\/maribel-y-su-gran-imaginacion-maribel-and-her-grand-imagination\/","title":{"rendered":"Maribel y su gran imaginaci\u00f3n \/ Maribel and Her Grand Imagination"},"content":{"rendered":"<p>A veces la imaginaci\u00f3n de Maribel la mete en problemas, pero cuando ocurre un desastre, \u00bfpuede una gran imaginaci\u00f3n salvar el d\u00eda?<\/p>\n<p>A veces la imaginaci\u00f3n de\u00a0<span class=\"il\">Maribel<\/span>\u00a0se mete en problemas, pero cuando llega un desastre, \u00bfpuede ser que una gran imaginaci\u00f3n\u00a0salve el d\u00eda?<\/p>\n<p><em><strong>Con cada compra, nos permites donar un libro a un ni\u00f1o o ni\u00f1a en comunidades de bajos recursos en Guatemala. Gracias por ayudarnos a difundir la alegr\u00eda y el poder de la lectura!<\/strong><\/em><\/p>\n<p>&nbsp;<\/p>","protected":false},"excerpt":{"rendered":"<p><strong>Una dulce historia acerca del poder de la imaginaci\u00f3n con ilustraciones que capturan perfectamente la belleza de la infancia y el incre\u00edble pa\u00eds de Guatemala.<\/strong><\/p>","protected":false},"featured_media":182,"comment_status":"open","ping_status":"closed","template":"","meta":{"nf_dc_page":"","_monsterinsights_skip_tracking":false,"_monsterinsights_sitenote_active":false,"_monsterinsights_sitenote_note":"","_monsterinsights_sitenote_category":0,"jetpack_post_was_ever_published":false},"product_brand":[],"product_cat":[31],"product_tag":[],"class_list":{"0":"post-179","1":"product","2":"type-product","3":"status-publish","4":"has-post-thumbnail","6":"product_cat-books","8":"first","9":"instock","10":"featured","11":"shipping-taxable","12":"purchasable","13":"product-type-simple"},"jetpack_sharing_enabled":true,"_links":{"self":[{"href":"https:\/\/desdechiquitos.org\/es\/wp-json\/wp\/v2\/product\/179","targetHints":{"allow":["GET"]}}],"collection":[{"href":"https:\/\/desdechiquitos.org\/es\/wp-json\/wp\/v2\/product"}],"about":[{"href":"https:\/\/desdechiquitos.org\/es\/wp-json\/wp\/v2\/types\/product"}],"replies":[{"embeddable":true,"href":"https:\/\/desdechiquitos.org\/es\/wp-json\/wp\/v2\/comments?post=179"}],"wp:featuredmedia":[{"embeddable":true,"href":"https:\/\/desdechiquitos.org\/es\/wp-json\/wp\/v2\/media\/182"}],"wp:attachment":[{"href":"https:\/\/desdechiquitos.org\/es\/wp-json\/wp\/v2\/media?parent=179"}],"wp:term":[{"taxonomy":"product_brand","embeddable":true,"href":"https:\/\/desdechiquitos.org\/es\/wp-json\/wp\/v2\/product_brand?post=179"},{"taxonomy":"product_cat","embeddable":true,"href":"https:\/\/desdechiquitos.org\/es\/wp-json\/wp\/v2\/product_cat?post=179"},{"taxonomy":"product_tag","embeddable":true,"href":"https:\/\/desdechiquitos.org\/es\/wp-json\/wp\/v2\/product_tag?post=179"}],"curies":[{"name":"wp","href":"https:\/\/api.w.org\/{rel}","templated":true}]}}