{"id":192,"date":"2024-08-16T00:03:34","date_gmt":"2024-08-16T00:03:34","guid":{"rendered":"https:\/\/desdechiquitos.org\/?post_type=product&#038;p=192"},"modified":"2024-08-25T01:08:31","modified_gmt":"2024-08-25T01:08:31","slug":"maribel-y-la-fiesta-de-paco","status":"publish","type":"product","link":"https:\/\/desdechiquitos.org\/es\/product\/maribel-y-la-fiesta-de-paco\/","title":{"rendered":"Maribel y la fiesta de Paco"},"content":{"rendered":"<p>Maribel est\u00e1 organizando una fiesta. \u00bfPero ir\u00e1 a salir todo bien? Puede que necesite la ayuda de sus amigos.<\/p>\n<p>Maribel est\u00e1 planeando una fiesta. Pero, \u00bftodo saldr\u00e1 bien? Quiz\u00e1s necesite la ayuda de algunos amigos.<\/p>\n<p><em><strong>Con cada compra, nos permites donar un libro a un ni\u00f1o o ni\u00f1a en comunidades de bajos recursos en Guatemala. Gracias por ayudarnos a difundir la alegr\u00eda y el poder de la lectura!<\/strong><\/em><\/p>\n<p>&nbsp;<\/p>","protected":false},"excerpt":{"rendered":"<p>A book about friendship brought to life with illustrations that wonderfully express the beauty of Guatemala.<\/p>","protected":false},"featured_media":207,"comment_status":"open","ping_status":"closed","template":"","meta":{"nf_dc_page":"","_monsterinsights_skip_tracking":false,"_monsterinsights_sitenote_active":false,"_monsterinsights_sitenote_note":"","_monsterinsights_sitenote_category":0,"jetpack_post_was_ever_published":false},"product_brand":[],"product_cat":[31],"product_tag":[],"class_list":{"0":"post-192","1":"product","2":"type-product","3":"status-publish","4":"has-post-thumbnail","6":"product_cat-books","8":"first","9":"instock","10":"shipping-taxable","11":"purchasable","12":"product-type-simple"},"jetpack_sharing_enabled":true,"_links":{"self":[{"href":"https:\/\/desdechiquitos.org\/es\/wp-json\/wp\/v2\/product\/192","targetHints":{"allow":["GET"]}}],"collection":[{"href":"https:\/\/desdechiquitos.org\/es\/wp-json\/wp\/v2\/product"}],"about":[{"href":"https:\/\/desdechiquitos.org\/es\/wp-json\/wp\/v2\/types\/product"}],"replies":[{"embeddable":true,"href":"https:\/\/desdechiquitos.org\/es\/wp-json\/wp\/v2\/comments?post=192"}],"wp:featuredmedia":[{"embeddable":true,"href":"https:\/\/desdechiquitos.org\/es\/wp-json\/wp\/v2\/media\/207"}],"wp:attachment":[{"href":"https:\/\/desdechiquitos.org\/es\/wp-json\/wp\/v2\/media?parent=192"}],"wp:term":[{"taxonomy":"product_brand","embeddable":true,"href":"https:\/\/desdechiquitos.org\/es\/wp-json\/wp\/v2\/product_brand?post=192"},{"taxonomy":"product_cat","embeddable":true,"href":"https:\/\/desdechiquitos.org\/es\/wp-json\/wp\/v2\/product_cat?post=192"},{"taxonomy":"product_tag","embeddable":true,"href":"https:\/\/desdechiquitos.org\/es\/wp-json\/wp\/v2\/product_tag?post=192"}],"curies":[{"name":"wp","href":"https:\/\/api.w.org\/{rel}","templated":true}]}}