{"id":198,"date":"2024-08-24T23:38:37","date_gmt":"2024-08-24T23:38:37","guid":{"rendered":"https:\/\/desdechiquitos.org\/?post_type=product&#038;p=198"},"modified":"2024-08-25T01:12:43","modified_gmt":"2024-08-25T01:12:43","slug":"maribel-plans-a-party","status":"publish","type":"product","link":"https:\/\/desdechiquitos.org\/es\/product\/maribel-plans-a-party\/","title":{"rendered":"Maribel Plans a Party"},"content":{"rendered":"<p>Maribel est\u00e1 planeando una fiesta. Pero, \u00bftodo saldr\u00e1 bien? Quiz\u00e1s necesite la ayuda de algunos amigos.<\/p>\n<p><em><strong>Con cada compra, nos permites donar un libro a un ni\u00f1o o ni\u00f1a en comunidades de bajos recursos en Guatemala. Gracias por ayudarnos a difundir la alegr\u00eda y el poder de la lectura!<\/strong><\/em><\/p>\n<p>&nbsp;<\/p>","protected":false},"excerpt":{"rendered":"<p>A book about friendship brought to life with illustrations that wonderfully express the beauty of Guatemala.<\/p>","protected":false},"featured_media":206,"comment_status":"open","ping_status":"closed","template":"","meta":{"nf_dc_page":"","_monsterinsights_skip_tracking":false,"_monsterinsights_sitenote_active":false,"_monsterinsights_sitenote_note":"","_monsterinsights_sitenote_category":0,"jetpack_post_was_ever_published":false},"product_brand":[],"product_cat":[31],"product_tag":[],"class_list":{"0":"post-198","1":"product","2":"type-product","3":"status-publish","4":"has-post-thumbnail","6":"product_cat-books","8":"first","9":"instock","10":"shipping-taxable","11":"purchasable","12":"product-type-simple"},"jetpack_sharing_enabled":true,"_links":{"self":[{"href":"https:\/\/desdechiquitos.org\/es\/wp-json\/wp\/v2\/product\/198","targetHints":{"allow":["GET"]}}],"collection":[{"href":"https:\/\/desdechiquitos.org\/es\/wp-json\/wp\/v2\/product"}],"about":[{"href":"https:\/\/desdechiquitos.org\/es\/wp-json\/wp\/v2\/types\/product"}],"replies":[{"embeddable":true,"href":"https:\/\/desdechiquitos.org\/es\/wp-json\/wp\/v2\/comments?post=198"}],"wp:featuredmedia":[{"embeddable":true,"href":"https:\/\/desdechiquitos.org\/es\/wp-json\/wp\/v2\/media\/206"}],"wp:attachment":[{"href":"https:\/\/desdechiquitos.org\/es\/wp-json\/wp\/v2\/media?parent=198"}],"wp:term":[{"taxonomy":"product_brand","embeddable":true,"href":"https:\/\/desdechiquitos.org\/es\/wp-json\/wp\/v2\/product_brand?post=198"},{"taxonomy":"product_cat","embeddable":true,"href":"https:\/\/desdechiquitos.org\/es\/wp-json\/wp\/v2\/product_cat?post=198"},{"taxonomy":"product_tag","embeddable":true,"href":"https:\/\/desdechiquitos.org\/es\/wp-json\/wp\/v2\/product_tag?post=198"}],"curies":[{"name":"wp","href":"https:\/\/api.w.org\/{rel}","templated":true}]}}